{"id":9760,"date":"2023-11-27T11:36:38","date_gmt":"2023-11-27T10:36:38","guid":{"rendered":"https:\/\/e-motopark.com\/produkt\/zimni-pneu-s-hroty-70-100-r19-na-sur-ron-x-l1e-talaria-sting\/"},"modified":"2025-12-26T21:01:17","modified_gmt":"2025-12-26T20:01:17","slug":"winter-tire-with-3-00-r19-tips-for-sur-ron-x-l1e-talaria-sting","status":"publish","type":"product","link":"https:\/\/e-motopark.com\/en\/product\/winter-tire-with-3-00-r19-tips-for-sur-ron-x-l1e-talaria-sting\/","title":{"rendered":"Winter tire with 3.00-R19 tips for Sur-Ron X\/L1e\/Talaria Sting"},"content":{"rendered":"<p>Description:<\/p>\n<ul>\n<li>Winter tyre 3.00-19&#8243; with studs on Sur-Ron Light Bee X\/L1e<\/li>\n<li>Winter tyre 3.00-19&#8243; with studs on Talaria Sting<\/li>\n<li>The screws are heat treated for high durability.<\/li>\n<li>The surface treatment of the screw head maintains sharpness for the longest possible time.<\/li>\n<li>Use only for offroad use, prohibited for use in normal road use.<\/li>\n<li>The tyres can be fitted to the original 19&#8243; wheels on both Sur-Ron and Talaria Sting.<\/li>\n<li>The tyre can be used as a front or rear tyre.<\/li>\n<\/ul>\n<p>&nbsp;<\/p>\n<ul>\n<li>We recommend to use winter tire with studs when the power of the motorcycle is up to 6 kW, with higher power above 6 kW we do not guarantee the life of the studs in the tyre.<\/li>\n<li>Link to our video tire with spikes in the snow: https:\/\/www.youtube.com\/watch?v=fItI9aCBBaU<\/li>\n<\/ul>\n","protected":false},"excerpt":{"rendered":"<p>Description: Winter tyre 3.00-19&#8243; with studs on Sur-Ron Light Bee X\/L1e Winter tyre 3.00-19&#8243; with studs on Talaria Sting The screws are heat treated for high durability. The surface treatment of the screw head maintains sharpness for the longest possible time. Use only for offroad use, prohibited for use in normal road use. The tyres [&hellip;]<\/p>\n","protected":false},"featured_media":7470,"template":"","meta":{"from_xml":"","manufacturer_code":"","emoto_stock":""},"product_brand":[],"product_cat":[1668,1663],"product_tag":[],"emoto_spec_group":[],"class_list":{"0":"post-9760","1":"product","2":"type-product","3":"status-publish","4":"has-post-thumbnail","6":"product_cat-19-tires-tubes","7":"product_cat-tires-and-inner-tubes","9":"first","10":"instock","11":"taxable","12":"shipping-taxable","13":"purchasable","14":"product-type-simple"},"exclude_global_add_ons":[],"addons":[],"yoast_head":"<!-- This site is optimized with the Yoast SEO Premium plugin v27.4 (Yoast SEO v27.6) - https:\/\/yoast.com\/product\/yoast-seo-premium-wordpress\/ -->\n<title>Winter tire with 3.00-R19 tips for Sur-Ron X\/L1e\/Talaria Sting - E-Moto Park<\/title>\n<meta name=\"robots\" content=\"index, follow, max-snippet:-1, max-image-preview:large, max-video-preview:-1\" \/>\n<link rel=\"canonical\" href=\"https:\/\/e-motopark.com\/en\/product\/winter-tire-with-3-00-r19-tips-for-sur-ron-x-l1e-talaria-sting\/\" \/>\n<meta property=\"og:locale\" content=\"en_US\" \/>\n<meta property=\"og:type\" content=\"article\" \/>\n<meta property=\"og:title\" content=\"Winter tire with 3.00-R19 tips for Sur-Ron X\/L1e\/Talaria Sting\" \/>\n<meta property=\"og:description\" content=\"Description: Winter tyre 3.00-19&#8243; with studs on Sur-Ron Light Bee X\/L1e Winter tyre 3.00-19&#8243; with studs on Talaria Sting The screws are heat treated for high durability. The surface treatment of the screw head maintains sharpness for the longest possible time. Use only for offroad use, prohibited for use in normal road use. The tyres [&hellip;]\" \/>\n<meta property=\"og:url\" content=\"https:\/\/e-motopark.com\/en\/product\/winter-tire-with-3-00-r19-tips-for-sur-ron-x-l1e-talaria-sting\/\" \/>\n<meta property=\"og:site_name\" content=\"E-Moto Park\" \/>\n<meta property=\"article:publisher\" content=\"https:\/\/www.facebook.com\/EmotoPark\/\" \/>\n<meta property=\"article:modified_time\" content=\"2025-12-26T20:01:17+00:00\" \/>\n<meta property=\"og:image\" content=\"https:\/\/e-motopark.com\/wp-content\/uploads\/2023\/11\/Zimni-pneu-s-hroty-3.00-R19-na-sur-ron-talaria-sting-E-Moto-Park3.jpg\" \/>\n\t<meta property=\"og:image:width\" content=\"1616\" \/>\n\t<meta property=\"og:image:height\" content=\"3264\" \/>\n\t<meta property=\"og:image:type\" content=\"image\/jpeg\" \/>\n<meta name=\"twitter:card\" content=\"summary_large_image\" \/>\n<meta name=\"twitter:label1\" content=\"Est. reading time\" \/>\n\t<meta name=\"twitter:data1\" content=\"1 minute\" \/>\n<script type=\"application\/ld+json\" class=\"yoast-schema-graph\">{\"@context\":\"https:\\\/\\\/schema.org\",\"@graph\":[{\"@type\":[\"WebPage\",\"ItemPage\"],\"@id\":\"https:\\\/\\\/e-motopark.com\\\/en\\\/product\\\/winter-tire-with-3-00-r19-tips-for-sur-ron-x-l1e-talaria-sting\\\/\",\"url\":\"https:\\\/\\\/e-motopark.com\\\/en\\\/product\\\/winter-tire-with-3-00-r19-tips-for-sur-ron-x-l1e-talaria-sting\\\/\",\"name\":\"Winter tire with 3.00-R19 tips for Sur-Ron X\\\/L1e\\\/Talaria Sting - E-Moto Park\",\"isPartOf\":{\"@id\":\"https:\\\/\\\/e-motopark.com\\\/en\\\/#website\"},\"primaryImageOfPage\":{\"@id\":\"https:\\\/\\\/e-motopark.com\\\/en\\\/product\\\/winter-tire-with-3-00-r19-tips-for-sur-ron-x-l1e-talaria-sting\\\/#primaryimage\"},\"image\":{\"@id\":\"https:\\\/\\\/e-motopark.com\\\/en\\\/product\\\/winter-tire-with-3-00-r19-tips-for-sur-ron-x-l1e-talaria-sting\\\/#primaryimage\"},\"thumbnailUrl\":\"https:\\\/\\\/e-motopark.com\\\/wp-content\\\/uploads\\\/2023\\\/11\\\/Zimni-pneu-s-hroty-3.00-R19-na-sur-ron-talaria-sting-E-Moto-Park3.jpg\",\"datePublished\":\"2023-11-27T10:36:38+00:00\",\"dateModified\":\"2025-12-26T20:01:17+00:00\",\"breadcrumb\":{\"@id\":\"https:\\\/\\\/e-motopark.com\\\/en\\\/product\\\/winter-tire-with-3-00-r19-tips-for-sur-ron-x-l1e-talaria-sting\\\/#breadcrumb\"},\"inLanguage\":\"en-US\",\"potentialAction\":[{\"@type\":\"ReadAction\",\"target\":[\"https:\\\/\\\/e-motopark.com\\\/en\\\/product\\\/winter-tire-with-3-00-r19-tips-for-sur-ron-x-l1e-talaria-sting\\\/\"]}]},{\"@type\":\"ImageObject\",\"inLanguage\":\"en-US\",\"@id\":\"https:\\\/\\\/e-motopark.com\\\/en\\\/product\\\/winter-tire-with-3-00-r19-tips-for-sur-ron-x-l1e-talaria-sting\\\/#primaryimage\",\"url\":\"https:\\\/\\\/e-motopark.com\\\/wp-content\\\/uploads\\\/2023\\\/11\\\/Zimni-pneu-s-hroty-3.00-R19-na-sur-ron-talaria-sting-E-Moto-Park3.jpg\",\"contentUrl\":\"https:\\\/\\\/e-motopark.com\\\/wp-content\\\/uploads\\\/2023\\\/11\\\/Zimni-pneu-s-hroty-3.00-R19-na-sur-ron-talaria-sting-E-Moto-Park3.jpg\",\"width\":1616,\"height\":3264},{\"@type\":\"BreadcrumbList\",\"@id\":\"https:\\\/\\\/e-motopark.com\\\/en\\\/product\\\/winter-tire-with-3-00-r19-tips-for-sur-ron-x-l1e-talaria-sting\\\/#breadcrumb\",\"itemListElement\":[{\"@type\":\"ListItem\",\"position\":1,\"name\":\"Dom\u016f\",\"item\":\"https:\\\/\\\/e-motopark.com\\\/en\\\/e-moto-park-shop-and-rental-of-electric-motorbikes\\\/\"},{\"@type\":\"ListItem\",\"position\":2,\"name\":\"Shop\",\"item\":\"https:\\\/\\\/e-motopark.com\\\/en\\\/shop\\\/\"},{\"@type\":\"ListItem\",\"position\":3,\"name\":\"Winter tire with 3.00-R19 tips for Sur-Ron X\\\/L1e\\\/Talaria Sting\"}]},{\"@type\":\"WebSite\",\"@id\":\"https:\\\/\\\/e-motopark.com\\\/en\\\/#website\",\"url\":\"https:\\\/\\\/e-motopark.com\\\/en\\\/\",\"name\":\"E-Moto Park\",\"description\":\"Prodejna a p\u016fj\u010dovna elektrick\u00fdch motorek\",\"publisher\":{\"@id\":\"https:\\\/\\\/e-motopark.com\\\/en\\\/#organization\"},\"potentialAction\":[{\"@type\":\"SearchAction\",\"target\":{\"@type\":\"EntryPoint\",\"urlTemplate\":\"https:\\\/\\\/e-motopark.com\\\/en\\\/?s={search_term_string}\"},\"query-input\":{\"@type\":\"PropertyValueSpecification\",\"valueRequired\":true,\"valueName\":\"search_term_string\"}}],\"inLanguage\":\"en-US\"},{\"@type\":\"Organization\",\"@id\":\"https:\\\/\\\/e-motopark.com\\\/en\\\/#organization\",\"name\":\"E-Moto Park\",\"url\":\"https:\\\/\\\/e-motopark.com\\\/en\\\/\",\"logo\":{\"@type\":\"ImageObject\",\"inLanguage\":\"en-US\",\"@id\":\"https:\\\/\\\/e-motopark.com\\\/en\\\/#\\\/schema\\\/logo\\\/image\\\/\",\"url\":\"https:\\\/\\\/e-motopark.com\\\/wp-content\\\/uploads\\\/2023\\\/11\\\/cropped-cropped-E-Moto-Park-logo.png\",\"contentUrl\":\"https:\\\/\\\/e-motopark.com\\\/wp-content\\\/uploads\\\/2023\\\/11\\\/cropped-cropped-E-Moto-Park-logo.png\",\"width\":108,\"height\":50,\"caption\":\"E-Moto Park\"},\"image\":{\"@id\":\"https:\\\/\\\/e-motopark.com\\\/en\\\/#\\\/schema\\\/logo\\\/image\\\/\"},\"sameAs\":[\"https:\\\/\\\/www.facebook.com\\\/EmotoPark\\\/\"]}]}<\/script>\n<!-- \/ Yoast SEO Premium plugin. -->","yoast_head_json":{"title":"Winter tire with 3.00-R19 tips for Sur-Ron X\/L1e\/Talaria Sting - E-Moto Park","robots":{"index":"index","follow":"follow","max-snippet":"max-snippet:-1","max-image-preview":"max-image-preview:large","max-video-preview":"max-video-preview:-1"},"canonical":"https:\/\/e-motopark.com\/en\/product\/winter-tire-with-3-00-r19-tips-for-sur-ron-x-l1e-talaria-sting\/","og_locale":"en_US","og_type":"article","og_title":"Winter tire with 3.00-R19 tips for Sur-Ron X\/L1e\/Talaria Sting","og_description":"Description: Winter tyre 3.00-19&#8243; with studs on Sur-Ron Light Bee X\/L1e Winter tyre 3.00-19&#8243; with studs on Talaria Sting The screws are heat treated for high durability. The surface treatment of the screw head maintains sharpness for the longest possible time. Use only for offroad use, prohibited for use in normal road use. The tyres [&hellip;]","og_url":"https:\/\/e-motopark.com\/en\/product\/winter-tire-with-3-00-r19-tips-for-sur-ron-x-l1e-talaria-sting\/","og_site_name":"E-Moto Park","article_publisher":"https:\/\/www.facebook.com\/EmotoPark\/","article_modified_time":"2025-12-26T20:01:17+00:00","og_image":[{"width":1616,"height":3264,"url":"https:\/\/e-motopark.com\/wp-content\/uploads\/2023\/11\/Zimni-pneu-s-hroty-3.00-R19-na-sur-ron-talaria-sting-E-Moto-Park3.jpg","type":"image\/jpeg"}],"twitter_card":"summary_large_image","twitter_misc":{"Est. reading time":"1 minute"},"schema":{"@context":"https:\/\/schema.org","@graph":[{"@type":["WebPage","ItemPage"],"@id":"https:\/\/e-motopark.com\/en\/product\/winter-tire-with-3-00-r19-tips-for-sur-ron-x-l1e-talaria-sting\/","url":"https:\/\/e-motopark.com\/en\/product\/winter-tire-with-3-00-r19-tips-for-sur-ron-x-l1e-talaria-sting\/","name":"Winter tire with 3.00-R19 tips for Sur-Ron X\/L1e\/Talaria Sting - E-Moto Park","isPartOf":{"@id":"https:\/\/e-motopark.com\/en\/#website"},"primaryImageOfPage":{"@id":"https:\/\/e-motopark.com\/en\/product\/winter-tire-with-3-00-r19-tips-for-sur-ron-x-l1e-talaria-sting\/#primaryimage"},"image":{"@id":"https:\/\/e-motopark.com\/en\/product\/winter-tire-with-3-00-r19-tips-for-sur-ron-x-l1e-talaria-sting\/#primaryimage"},"thumbnailUrl":"https:\/\/e-motopark.com\/wp-content\/uploads\/2023\/11\/Zimni-pneu-s-hroty-3.00-R19-na-sur-ron-talaria-sting-E-Moto-Park3.jpg","datePublished":"2023-11-27T10:36:38+00:00","dateModified":"2025-12-26T20:01:17+00:00","breadcrumb":{"@id":"https:\/\/e-motopark.com\/en\/product\/winter-tire-with-3-00-r19-tips-for-sur-ron-x-l1e-talaria-sting\/#breadcrumb"},"inLanguage":"en-US","potentialAction":[{"@type":"ReadAction","target":["https:\/\/e-motopark.com\/en\/product\/winter-tire-with-3-00-r19-tips-for-sur-ron-x-l1e-talaria-sting\/"]}]},{"@type":"ImageObject","inLanguage":"en-US","@id":"https:\/\/e-motopark.com\/en\/product\/winter-tire-with-3-00-r19-tips-for-sur-ron-x-l1e-talaria-sting\/#primaryimage","url":"https:\/\/e-motopark.com\/wp-content\/uploads\/2023\/11\/Zimni-pneu-s-hroty-3.00-R19-na-sur-ron-talaria-sting-E-Moto-Park3.jpg","contentUrl":"https:\/\/e-motopark.com\/wp-content\/uploads\/2023\/11\/Zimni-pneu-s-hroty-3.00-R19-na-sur-ron-talaria-sting-E-Moto-Park3.jpg","width":1616,"height":3264},{"@type":"BreadcrumbList","@id":"https:\/\/e-motopark.com\/en\/product\/winter-tire-with-3-00-r19-tips-for-sur-ron-x-l1e-talaria-sting\/#breadcrumb","itemListElement":[{"@type":"ListItem","position":1,"name":"Dom\u016f","item":"https:\/\/e-motopark.com\/en\/e-moto-park-shop-and-rental-of-electric-motorbikes\/"},{"@type":"ListItem","position":2,"name":"Shop","item":"https:\/\/e-motopark.com\/en\/shop\/"},{"@type":"ListItem","position":3,"name":"Winter tire with 3.00-R19 tips for Sur-Ron X\/L1e\/Talaria Sting"}]},{"@type":"WebSite","@id":"https:\/\/e-motopark.com\/en\/#website","url":"https:\/\/e-motopark.com\/en\/","name":"E-Moto Park","description":"Prodejna a p\u016fj\u010dovna elektrick\u00fdch motorek","publisher":{"@id":"https:\/\/e-motopark.com\/en\/#organization"},"potentialAction":[{"@type":"SearchAction","target":{"@type":"EntryPoint","urlTemplate":"https:\/\/e-motopark.com\/en\/?s={search_term_string}"},"query-input":{"@type":"PropertyValueSpecification","valueRequired":true,"valueName":"search_term_string"}}],"inLanguage":"en-US"},{"@type":"Organization","@id":"https:\/\/e-motopark.com\/en\/#organization","name":"E-Moto Park","url":"https:\/\/e-motopark.com\/en\/","logo":{"@type":"ImageObject","inLanguage":"en-US","@id":"https:\/\/e-motopark.com\/en\/#\/schema\/logo\/image\/","url":"https:\/\/e-motopark.com\/wp-content\/uploads\/2023\/11\/cropped-cropped-E-Moto-Park-logo.png","contentUrl":"https:\/\/e-motopark.com\/wp-content\/uploads\/2023\/11\/cropped-cropped-E-Moto-Park-logo.png","width":108,"height":50,"caption":"E-Moto Park"},"image":{"@id":"https:\/\/e-motopark.com\/en\/#\/schema\/logo\/image\/"},"sameAs":["https:\/\/www.facebook.com\/EmotoPark\/"]}]}},"_links":{"self":[{"href":"https:\/\/e-motopark.com\/en\/wp-json\/wp\/v2\/product\/9760","targetHints":{"allow":["GET"]}}],"collection":[{"href":"https:\/\/e-motopark.com\/en\/wp-json\/wp\/v2\/product"}],"about":[{"href":"https:\/\/e-motopark.com\/en\/wp-json\/wp\/v2\/types\/product"}],"wp:featuredmedia":[{"embeddable":true,"href":"https:\/\/e-motopark.com\/en\/wp-json\/wp\/v2\/media\/7470"}],"wp:attachment":[{"href":"https:\/\/e-motopark.com\/en\/wp-json\/wp\/v2\/media?parent=9760"}],"wp:term":[{"taxonomy":"product_brand","embeddable":true,"href":"https:\/\/e-motopark.com\/en\/wp-json\/wp\/v2\/product_brand?post=9760"},{"taxonomy":"product_cat","embeddable":true,"href":"https:\/\/e-motopark.com\/en\/wp-json\/wp\/v2\/product_cat?post=9760"},{"taxonomy":"product_tag","embeddable":true,"href":"https:\/\/e-motopark.com\/en\/wp-json\/wp\/v2\/product_tag?post=9760"},{"taxonomy":"emoto_spec_group","embeddable":true,"href":"https:\/\/e-motopark.com\/en\/wp-json\/wp\/v2\/emoto_spec_group?post=9760"}],"curies":[{"name":"wp","href":"https:\/\/api.w.org\/{rel}","templated":true}]}}